{"id":412,"date":"2026-02-22T22:45:25","date_gmt":"2026-02-22T20:45:25","guid":{"rendered":"https:\/\/reformaatiopaivat.porvoonreba.fi\/?page_id=412"},"modified":"2026-02-27T18:05:46","modified_gmt":"2026-02-27T16:05:46","slug":"reformaatiopaivat-i-2026","status":"publish","type":"page","link":"https:\/\/reformaatiopaivat.porvoonreba.fi\/?page_id=412","title":{"rendered":"Reformaatiop\u00e4iv\u00e4t I\/2026"},"content":{"rendered":"\n<div class=\"wp-block-group alignfull has-accent-background-color has-background has-global-padding is-layout-constrained wp-container-core-group-is-layout-a119c273 wp-block-group-is-layout-constrained\" style=\"margin-top:0;margin-bottom:0;padding-top:var(--wp--preset--spacing--10);padding-right:var(--wp--preset--spacing--20);padding-bottom:var(--wp--preset--spacing--10);padding-left:var(--wp--preset--spacing--20)\">\n<div class=\"wp-block-group alignwide has-global-padding is-layout-constrained wp-container-core-group-is-layout-19e250f3 wp-block-group-is-layout-constrained\">\n<div style=\"height:var(--wp--preset--spacing--40)\" aria-hidden=\"true\" class=\"wp-block-spacer\"><\/div>\n\n\n\n<div class=\"wp-block-columns alignwide are-vertically-aligned-top is-layout-flex wp-container-core-columns-is-layout-d1c656ed wp-block-columns-is-layout-flex\">\n<div class=\"wp-block-column is-vertically-aligned-top is-layout-flow wp-block-column-is-layout-flow\" style=\"flex-basis:40%\">\n<figure class=\"wp-block-image size-full\"><img loading=\"lazy\" decoding=\"async\" width=\"573\" height=\"794\" src=\"https:\/\/reformaatiopaivat.porvoonreba.fi\/wp-content\/uploads\/2026\/02\/tapahtumakuva-pysty-B.jpg\" alt=\"\" class=\"wp-image-413\" srcset=\"https:\/\/reformaatiopaivat.porvoonreba.fi\/wp-content\/uploads\/2026\/02\/tapahtumakuva-pysty-B.jpg 573w, https:\/\/reformaatiopaivat.porvoonreba.fi\/wp-content\/uploads\/2026\/02\/tapahtumakuva-pysty-B-216x300.jpg 216w\" sizes=\"auto, (max-width: 573px) 100vw, 573px\" \/><\/figure>\n\n\n\n<figure class=\"wp-block-image size-full\"><img loading=\"lazy\" decoding=\"async\" width=\"710\" height=\"1008\" src=\"https:\/\/reformaatiopaivat.porvoonreba.fi\/wp-content\/uploads\/2026\/02\/menu-black-pysty.jpg\" alt=\"\" class=\"wp-image-447\" srcset=\"https:\/\/reformaatiopaivat.porvoonreba.fi\/wp-content\/uploads\/2026\/02\/menu-black-pysty.jpg 710w, https:\/\/reformaatiopaivat.porvoonreba.fi\/wp-content\/uploads\/2026\/02\/menu-black-pysty-211x300.jpg 211w\" sizes=\"auto, (max-width: 710px) 100vw, 710px\" \/><\/figure>\n\n\n\n<div class=\"wp-block-group is-nowrap is-layout-flex wp-container-core-group-is-layout-6c531013 wp-block-group-is-layout-flex\"><\/div>\n<\/div>\n\n\n\n<div class=\"wp-block-column is-vertically-aligned-top is-layout-flow wp-block-column-is-layout-flow\">\n<p class=\"has-x-large-font-size\">Ohjelma<\/p>\n\n\n\n<p class=\"has-large-font-size\">Perjantai 3.4.2026<\/p>\n\n\n\n<p><strong>klo 16.00 sessio 1<\/strong><\/p>\n\n\n\n<p>Tommi Matikka<\/p>\n\n\n\n<p><strong>Iltapala<\/strong><\/p>\n\n\n\n<p><strong>klo 19.00 sessio 2<\/strong><\/p>\n\n\n\n<p>Shaun Rossi<\/p>\n\n\n\n<p class=\"has-large-font-size\">Lauantai 4.4.2026<\/p>\n\n\n\n<p><strong>klo 11.00 sessio 3<\/strong><\/p>\n\n\n\n<p>Martti Kumpulainen<\/p>\n\n\n\n<p><strong>klo 12.30 lounas<\/strong><\/p>\n\n\n\n<p><strong>klo 14.00 sessio 4<\/strong><\/p>\n\n\n\n<p>Paneeli \u2013 Heidi Martikainen, Sami G\u00fcnther, Mikko Sivonen<\/p>\n\n\n\n<p><strong>klo 15.00 kahvitauko<\/strong><\/p>\n\n\n\n<p><strong>klo 16.00 sessio 5<\/strong><\/p>\n\n\n\n<p>Mikko Sivonen<\/p>\n\n\n\n<p><\/p>\n\n\n\n<hr class=\"wp-block-separator has-alpha-channel-opacity is-style-wide\"\/>\n\n\n\n<p>Lapsille pyh\u00e4koulu (4-14 vuotiaat)<\/p>\n\n\n\n<p>Tarjoilussa on huomioitu laktoositon ja gluteeniton ruokavalio.<\/p>\n\n\n\n<p>At the registration, you can inform that you would like to have live translation to English!<\/p>\n\n\n\n<p>Lis\u00e4tietoa tapahtumasta: jim.hakola@gmail.com<\/p>\n\n\n\n<hr class=\"wp-block-separator has-alpha-channel-opacity is-style-wide\"\/>\n\n\n\n<p style=\"font-style:normal;font-weight:500\"><strong>Perjantai ja lauantai<\/strong><\/p>\n\n\n\n<p class=\"has-text-align-left has-x-large-font-size\">Hinnasto<\/p>\n\n\n\n<p>Aikuiset (ja yli 9 vuotiaat lapset): 40 euroa<br>Lapset 4-9: 15 euroa<br>Lapset 0-3: ilmaiseksi<\/p>\n\n\n\n<p style=\"font-style:normal;font-weight:500\"><strong>Vain perjantai<\/strong><\/p>\n\n\n\n<p>Aikuiset (ja yli 9 vuotiaat lapset): 15 euroa<br>Lapset 4-9: 7 euroa<br>Lapset 0-3: ilmaiseksi<\/p>\n\n\n\n<p><strong>Vain lauantai<\/strong><\/p>\n\n\n\n<p>Aikuiset (ja yli 9 vuotiaat lapset): 25 euroa<br>Lapset 4-9: 12 euroa<br>Lapset 0-3: ilmaiseksi<\/p>\n\n\n\n<div class=\"wp-block-buttons is-content-justification-center is-layout-flex wp-container-core-buttons-is-layout-a89b3969 wp-block-buttons-is-layout-flex\">\n<div class=\"wp-block-button has-custom-width wp-block-button__width-50\"><a class=\"wp-block-button__link wp-element-button\" href=\"https:\/\/reformaatiopaivat.porvoonreba.fi\/?page_id=415\">Ilmoittaudu<\/a><\/div>\n<\/div>\n<\/div>\n<\/div>\n<\/div>\n<\/div>\n\n\n\n<div class=\"wp-block-group alignfull has-base-2-background-color has-background has-global-padding is-layout-constrained wp-container-core-group-is-layout-f63238f3 wp-block-group-is-layout-constrained\" style=\"margin-top:0;margin-bottom:0;padding-top:var(--wp--preset--spacing--20);padding-right:var(--wp--preset--spacing--30);padding-bottom:var(--wp--preset--spacing--20);padding-left:var(--wp--preset--spacing--30)\">\n<div class=\"wp-block-group alignwide is-layout-flow wp-block-group-is-layout-flow\">\n<p class=\"has-text-align-center has-x-large-font-size\">Ajo-ohjeet<\/p>\n\n\n\n<p class=\"has-text-align-center\">Tapahtuma pidet\u00e4\u00e4n Kerkkoon Nuorisoseurantalolla osoitteessa: Savim\u00e4entie 4, Kerkkoo<\/p>\n\n\n\n<div style=\"text-align: center;\">\n<iframe src=\"https:\/\/www.google.com\/maps\/embed?pb=!1m18!1m12!1m3!1d18421.315136940113!2d25.62609926893244!3d60.45964331375181!2m3!1f0!2f0!3f0!3m2!1i1024!2i768!4f13.1!3m3!1m2!1s0x4691f1abd3ceaaad%3A0xf4da9b7405aaa3c8!2sKerkkoon%20Nuorisoseurantalo!5e1!3m2!1sen!2sfi!4v1738701125052!5m2!1sen!2sfi\" width=\"400\" height=\"450\" style=\"border:0;\" allowfullscreen=\"\" loading=\"lazy\" referrerpolicy=\"no-referrer-when-downgrade\"><\/iframe>\n<\/div>\n<\/div>\n\n\n\n<p class=\"has-text-align-center\">L\u00f6ytyy parkkipaikkoja nuorisoseurantalon pihalla.<\/p>\n\n\n\n<p class=\"has-text-align-center\">Lis\u00e4tietoa tapahtumasta: jim.hakola@gmail.com<\/p>\n\n\n\n<p class=\"has-text-align-center\"><sub>Pid\u00e4t\u00e4mme oikeuden mahdollisiin muutoksiin<\/sub><\/p>\n<\/div>\n\n\n\n<p><\/p>\n","protected":false},"excerpt":{"rendered":"<p>Ohjelma Perjantai 3.4.2026 klo 16.00 sessio 1 Tommi Matikka Iltapala klo 19.00 sessio 2 Shaun Rossi Lauantai 4.4.2026 klo 11.00 sessio 3 Martti Kumpulainen klo 12.30 lounas klo 14.00 sessio 4 Paneeli \u2013 Heidi Martikainen, Sami G\u00fcnther, Mikko Sivonen klo 15.00 kahvitauko klo 16.00 sessio 5 Mikko Sivonen Lapsille pyh\u00e4koulu (4-14 vuotiaat) Tarjoilussa on huomioitu [&hellip;]<\/p>\n","protected":false},"author":1,"featured_media":0,"parent":0,"menu_order":0,"comment_status":"closed","ping_status":"closed","template":"","meta":{"footnotes":""},"class_list":["post-412","page","type-page","status-publish","hentry"],"_links":{"self":[{"href":"https:\/\/reformaatiopaivat.porvoonreba.fi\/index.php?rest_route=\/wp\/v2\/pages\/412","targetHints":{"allow":["GET"]}}],"collection":[{"href":"https:\/\/reformaatiopaivat.porvoonreba.fi\/index.php?rest_route=\/wp\/v2\/pages"}],"about":[{"href":"https:\/\/reformaatiopaivat.porvoonreba.fi\/index.php?rest_route=\/wp\/v2\/types\/page"}],"author":[{"embeddable":true,"href":"https:\/\/reformaatiopaivat.porvoonreba.fi\/index.php?rest_route=\/wp\/v2\/users\/1"}],"replies":[{"embeddable":true,"href":"https:\/\/reformaatiopaivat.porvoonreba.fi\/index.php?rest_route=%2Fwp%2Fv2%2Fcomments&post=412"}],"version-history":[{"count":15,"href":"https:\/\/reformaatiopaivat.porvoonreba.fi\/index.php?rest_route=\/wp\/v2\/pages\/412\/revisions"}],"predecessor-version":[{"id":469,"href":"https:\/\/reformaatiopaivat.porvoonreba.fi\/index.php?rest_route=\/wp\/v2\/pages\/412\/revisions\/469"}],"wp:attachment":[{"href":"https:\/\/reformaatiopaivat.porvoonreba.fi\/index.php?rest_route=%2Fwp%2Fv2%2Fmedia&parent=412"}],"curies":[{"name":"wp","href":"https:\/\/api.w.org\/{rel}","templated":true}]}}